{"id":3463,"date":"2021-05-26T11:01:05","date_gmt":"2021-05-26T09:01:05","guid":{"rendered":"https:\/\/www.finomar.com.pl\/?page_id=3463"},"modified":"2021-05-26T11:01:28","modified_gmt":"2021-05-26T09:01:28","slug":"company-map","status":"publish","type":"page","link":"https:\/\/www.finomar.com.pl\/?page_id=3463&lang=en","title":{"rendered":"Company map"},"content":{"rendered":"\n<style>\n\t#hotspot-2186 .hotspots-image-container,\n\t#hotspot-2186 .leaflet-container {\n\t\tbackground: #efefef\t}\n\n\t#hotspot-2186 .hotspots-placeholder {\n\t\tbackground: #0059a8;\n\t\tborder: 0 #0059a8 solid;\n\t\tcolor: #ffffff;\n\t}\n\n\t#hotspot-2186 .hotspot-title {\n\t\tcolor: #ffffff;\n\t}\n\n\t\t\t#hotspot-2186 .hotspot-default {\n\t\t\tstroke-width: 2;\n\t\t\tfill: #ffffff;\n\t\t\tfill-opacity: 0;\n\t\t\tstroke: #ffffff;\n\t\t\tstroke-opacity: 0;\n\t\t}\n\t\t#hotspot-2186 .hotspot-default:hover,\n\t\t#hotspot-2186 .hotspot-default:focus-visible,\n\t\t#hotspot-2186 .hotspot-default.hotspot-active {\n\t\t\tfill: #ff7c3a;\n\t\t\tfill-opacity: 0.86;\n\t\t\tstroke: #cc1b12;\n\t\t\tstroke-opacity: 1.01;\n\t\t}\n\t\t#hotspot-2186 .leaflet-tooltip,\n\t#hotspot-2186 .leaflet-rrose-content-wrapper {\n\t\tbackground: #0059a8;\n\t\tborder-color: #0059a8;\n\t\tcolor: #ffffff;\n\t}\n\n\t#hotspot-2186 a.leaflet-rrose-close-button {\n\t\tcolor: #ffffff;\n\t}\n\n\t#hotspot-2186 .leaflet-rrose-tip {\n\t\tbackground: #0059a8;\n\t}\n\n\t#hotspot-2186 .leaflet-popup-scrolled {\n\t\tborder-bottom-color: #ffffff;\n\t\tborder-top-color: #ffffff;\n\t}\n\n\t#hotspot-2186 .leaflet-tooltip-top:before {\n\t\tborder-top-color: #0059a8;\n\t}\n\n\t#hotspot-2186 .leaflet-tooltip-bottom:before {\n\t\tborder-bottom-color: #0059a8;\n\t}\n\t#hotspot-2186 .leaflet-tooltip-left:before {\n\t\tborder-left-color: #0059a8;\n\t}\n\t#hotspot-2186 .leaflet-tooltip-right:before {\n\t\tborder-right-color: #0059a8;\n\t}\n<\/style>\n\n\t\n\t<div class=\"hotspots-container  layout-left event-click\" id=\"hotspot-2186\" data-layout=\"left\" data-trigger=\"click\">\n\t\t<div class=\"hotspots-interaction\">\n\t\t\t\t<div class=\"hotspots-placeholder\" id=\"content-hotspot-2186\">\n\t\t<div class=\"hotspot-initial\">\n\t\t\t\t\t\t\t\t\t<h2 class=\"hotspot-title\">\n\t\t\t\tMapa Finomaru\t\t\t<\/h2>\n\t\t\t\t\t\t<div class=\"hotspot-content\">\n\t\t\t\t\t\t\t<\/div>\n\t\t<\/div>\n\t<\/div>\n<div class=\"hotspots-image-container\">\n\t<img\n\t\twidth=\"1400\"\n\t\theight=\"933\"\n\t\tsrc=\"https:\/\/www.finomar.com.pl\/wp-content\/uploads\/2021\/04\/finomar_interaktywny_8.jpg\"\n\t\talt=\"Mapa Finomaru\"\n\t\tclass=\"hotspots-image skip-lazy\"\n\t\tusemap=\"#hotspots-image-2186\"\n\t\tdata-image-title=\"Mapa Finomaru\"\n\t\tdata-image-description=\"\"\n\t\tdata-event-trigger=\"click\"\n\t\tdata-always-visible=\"false\"\n\t\tdata-id=\"2186\"\n\t\tdata-no-lazy=\"1\"\n\t\tdata-lazy-src=\"\"\n\t\tdata-lazy=\"false\"\n\t\tloading=\"eager\"\n\t\tdata-skip-lazy=\"1\"\n\t\t>\n<\/div>\t\t<\/div>\n\t\t<map name=\"hotspots-image-2186\" class=\"hotspots-map\">\n\t\t\t\t\t\t\t\t\t\t\t<area\n\t\t\t\t\tshape=\"polygon\"\n\t\t\t\t\tcoords=\"242,437,623,215,645,262,270,482\"\n\t\t\t\t\thref=\"#hotspot-hotspot-2186-0\"\n\t\t\t\t\trel=\"\"\n\t\t\t\t\ttitle=\"Biura, Office, B\u00fcro\"\n\t\t\t\t\talt=\"Biura, Office, B\u00fcro\"\n\t\t\t\t\tdata-action=\"\"\n\t\t\t\t\tdata-color-scheme=\"\"\n\t\t\t\t\ttarget=\"\"\n\t\t\t\t\tclass=\"more-info-area\"\n\t\t\t\t\t>\n\t\t\t\t\t\t\t\t\t\t\t<area\n\t\t\t\t\tshape=\"polygon\"\n\t\t\t\t\tcoords=\"191,353,545,145,578,200,610,181,626,215,245,440\"\n\t\t\t\t\thref=\"#hotspot-hotspot-2186-1\"\n\t\t\t\t\trel=\"\"\n\t\t\t\t\ttitle=\"Hala produkcyjna, Production Hall, Fertigungshalle\"\n\t\t\t\t\talt=\"Hala produkcyjna, Production Hall, Fertigungshalle\"\n\t\t\t\t\tdata-action=\"\"\n\t\t\t\t\tdata-color-scheme=\"\"\n\t\t\t\t\ttarget=\"\"\n\t\t\t\t\tclass=\"more-info-area\"\n\t\t\t\t\t>\n\t\t\t\t\t\t\t\t\t\t\t<area\n\t\t\t\t\tshape=\"polygon\"\n\t\t\t\t\tcoords=\"287,538,575,501,580,536,491,546,486,514,405,524,411,558,292,575,290,556,288,545,288,544,288,540\"\n\t\t\t\t\thref=\"#hotspot-hotspot-2186-2\"\n\t\t\t\t\trel=\"\"\n\t\t\t\t\ttitle=\"Plac monta\u017cowy, Production Area, Montageplatz\"\n\t\t\t\t\talt=\"Plac monta\u017cowy, Production Area, Montageplatz\"\n\t\t\t\t\tdata-action=\"\"\n\t\t\t\t\tdata-color-scheme=\"\"\n\t\t\t\t\ttarget=\"\"\n\t\t\t\t\tclass=\"more-info-area\"\n\t\t\t\t\t>\n\t\t\t\t\t\t\t\t\t\t\t<area\n\t\t\t\t\tshape=\"polygon\"\n\t\t\t\t\tcoords=\"760,396,749,403,762,435,916,373,922,384,1096,310,1061,232,993,261,982,266,748,365\"\n\t\t\t\t\thref=\"#hotspot-hotspot-2186-3\"\n\t\t\t\t\trel=\"\"\n\t\t\t\t\ttitle=\"Hala obr\u00f3bki blach, Sheet metall hall, Zuschnitthalle\"\n\t\t\t\t\talt=\"Hala obr\u00f3bki blach, Sheet metall hall, Zuschnitthalle\"\n\t\t\t\t\tdata-action=\"\"\n\t\t\t\t\tdata-color-scheme=\"\"\n\t\t\t\t\ttarget=\"\"\n\t\t\t\t\tclass=\"more-info-area\"\n\t\t\t\t\t>\n\t\t\t\t\t\t\t\t\t\t\t<area\n\t\t\t\t\tshape=\"polygon\"\n\t\t\t\t\tcoords=\"1016,397,1056,384,1069,392,1150,615,1078,607,1034,589,1010,589,931,551,926,424,996,413,1007,551,1010,588,1031,589\"\n\t\t\t\t\thref=\"#hotspot-hotspot-2186-4\"\n\t\t\t\t\trel=\"\"\n\t\t\t\t\ttitle=\"Magazyn blach, Storage area, Lagerplatz\"\n\t\t\t\t\talt=\"Magazyn blach, Storage area, Lagerplatz\"\n\t\t\t\t\tdata-action=\"\"\n\t\t\t\t\tdata-color-scheme=\"\"\n\t\t\t\t\ttarget=\"\"\n\t\t\t\t\tclass=\"more-info-area\"\n\t\t\t\t\t>\n\t\t\t\t\t\t\t\t\t\t\t<area\n\t\t\t\t\tshape=\"polygon\"\n\t\t\t\t\tcoords=\"255,520,312,514,653,469,655,482,257,534\"\n\t\t\t\t\thref=\"#hotspot-hotspot-2186-5\"\n\t\t\t\t\trel=\"\"\n\t\t\t\t\ttitle=\"D\u017awigi, Crane, Krane\"\n\t\t\t\t\talt=\"D\u017awigi, Crane, Krane\"\n\t\t\t\t\tdata-action=\"\"\n\t\t\t\t\tdata-color-scheme=\"\"\n\t\t\t\t\ttarget=\"\"\n\t\t\t\t\tclass=\"more-info-area\"\n\t\t\t\t\t>\n\t\t\t\t\t\t\t\t\t\t\t<area\n\t\t\t\t\tshape=\"polygon\"\n\t\t\t\t\tcoords=\"278,677,883,678,883,700,883,707,375,710,278,691\"\n\t\t\t\t\thref=\"#hotspot-hotspot-2186-6\"\n\t\t\t\t\trel=\"\"\n\t\t\t\t\ttitle=\"Nabrze\u017ce &quot;Arsena\u0142&quot;, Quay &quot;Arsena\u0142&quot;, Kai &quot;Arsena\u0142&quot;\"\n\t\t\t\t\talt=\"Nabrze\u017ce &quot;Arsena\u0142&quot;, Quay &quot;Arsena\u0142&quot;, Kai &quot;Arsena\u0142&quot;\"\n\t\t\t\t\tdata-action=\"\"\n\t\t\t\t\tdata-color-scheme=\"\"\n\t\t\t\t\ttarget=\"\"\n\t\t\t\t\tclass=\"more-info-area\"\n\t\t\t\t\t>\n\t\t\t\t\t\t\t\t\t\t\t<area\n\t\t\t\t\tshape=\"polygon\"\n\t\t\t\t\tcoords=\"883,677,1071,676,1071,708,884,708\"\n\t\t\t\t\thref=\"#hotspot-hotspot-2186-7\"\n\t\t\t\t\trel=\"\"\n\t\t\t\t\ttitle=\"D\u017awigi, Crane, Krane\"\n\t\t\t\t\talt=\"D\u017awigi, Crane, Krane\"\n\t\t\t\t\tdata-action=\"\"\n\t\t\t\t\tdata-color-scheme=\"\"\n\t\t\t\t\ttarget=\"\"\n\t\t\t\t\tclass=\"more-info-area\"\n\t\t\t\t\t>\n\t\t\t\t\t<\/map>\n\n\t\t\n\t\t\t\t\t\n\t\t\t\t\t\t<div class=\"hotspot-info \" id=\"hotspot-hotspot-2186-0\">\n\t\t\t\t\n\t\t\t\t<h2 class=\"hotspot-title\">Biura, Office, B\u00fcro<\/h2>\t\t\t\t\t\t\t\t<div class=\"hotspot-content\">\n\t\t\t\t\t\t\t\t\t<\/div>\n\t\t\t<\/div>\n\t\t\t\t\t\n\t\t\t\t\t\t<div class=\"hotspot-info \" id=\"hotspot-hotspot-2186-1\">\n\t\t\t\t\n\t\t\t\t<h2 class=\"hotspot-title\">Hala produkcyjna, Production Hall, Fertigungshalle<\/h2>\t\t\t\t\t\t\t\t<div class=\"hotspot-content\">\n\t\t\t\t\t\t\t\t\t<\/div>\n\t\t\t<\/div>\n\t\t\t\t\t\n\t\t\t\t\t\t<div class=\"hotspot-info \" id=\"hotspot-hotspot-2186-2\">\n\t\t\t\t\n\t\t\t\t<h2 class=\"hotspot-title\">Plac monta\u017cowy, Production Area, Montageplatz<\/h2>\t\t\t\t\t\t\t\t<div class=\"hotspot-content\">\n\t\t\t\t\t\t\t\t\t<\/div>\n\t\t\t<\/div>\n\t\t\t\t\t\n\t\t\t\t\t\t<div class=\"hotspot-info \" id=\"hotspot-hotspot-2186-3\">\n\t\t\t\t\n\t\t\t\t<h2 class=\"hotspot-title\">Hala obr\u00f3bki blach, Sheet metall hall, Zuschnitthalle<\/h2>\t\t\t\t\t\t\t\t<div class=\"hotspot-content\">\n\t\t\t\t\t\t\t\t\t<\/div>\n\t\t\t<\/div>\n\t\t\t\t\t\n\t\t\t\t\t\t<div class=\"hotspot-info \" id=\"hotspot-hotspot-2186-4\">\n\t\t\t\t\n\t\t\t\t<h2 class=\"hotspot-title\">Magazyn blach, Storage area, Lagerplatz<\/h2>\t\t\t\t\t\t\t\t<div class=\"hotspot-content\">\n\t\t\t\t\t\t\t\t\t<\/div>\n\t\t\t<\/div>\n\t\t\t\t\t\n\t\t\t\t\t\t<div class=\"hotspot-info \" id=\"hotspot-hotspot-2186-5\">\n\t\t\t\t\n\t\t\t\t<h2 class=\"hotspot-title\">D\u017awigi, Crane, Krane<\/h2>\t\t\t\t\t\t\t\t<div class=\"hotspot-content\">\n\t\t\t\t\t\t\t\t\t<\/div>\n\t\t\t<\/div>\n\t\t\t\t\t\n\t\t\t\t\t\t<div class=\"hotspot-info \" id=\"hotspot-hotspot-2186-6\">\n\t\t\t\t\n\t\t\t\t<h2 class=\"hotspot-title\">Nabrze\u017ce &#8222;Arsena\u0142&#8221;, Quay &#8222;Arsena\u0142&#8221;, Kai &#8222;Arsena\u0142&#8221;<\/h2>\t\t\t\t\t\t\t\t<div class=\"hotspot-content\">\n\t\t\t\t\t<p>FINOMAR dysponuje w\u0142asnym nabrze\u017cem o d\u0142ugo\u015bci ok. 330 m.<\/p>\n\t\t\t\t<\/div>\n\t\t\t<\/div>\n\t\t\t\t\t\n\t\t\t\t\t\t<div class=\"hotspot-info \" id=\"hotspot-hotspot-2186-7\">\n\t\t\t\t\n\t\t\t\t<h2 class=\"hotspot-title\">D\u017awigi, Crane, Krane<\/h2>\t\t\t\t\t\t\t\t<div class=\"hotspot-content\">\n\t\t\t\t\t\t\t\t\t<\/div>\n\t\t\t<\/div>\n\t\t\t<\/div>\n\n","protected":false},"excerpt":{"rendered":"","protected":false},"author":1,"featured_media":0,"parent":2858,"menu_order":0,"comment_status":"closed","ping_status":"closed","template":"","meta":{"footnotes":""},"class_list":["post-3463","page","type-page","status-publish","hentry","no-thumb"],"_links":{"self":[{"href":"https:\/\/www.finomar.com.pl\/index.php?rest_route=\/wp\/v2\/pages\/3463","targetHints":{"allow":["GET"]}}],"collection":[{"href":"https:\/\/www.finomar.com.pl\/index.php?rest_route=\/wp\/v2\/pages"}],"about":[{"href":"https:\/\/www.finomar.com.pl\/index.php?rest_route=\/wp\/v2\/types\/page"}],"author":[{"embeddable":true,"href":"https:\/\/www.finomar.com.pl\/index.php?rest_route=\/wp\/v2\/users\/1"}],"replies":[{"embeddable":true,"href":"https:\/\/www.finomar.com.pl\/index.php?rest_route=%2Fwp%2Fv2%2Fcomments&post=3463"}],"version-history":[{"count":2,"href":"https:\/\/www.finomar.com.pl\/index.php?rest_route=\/wp\/v2\/pages\/3463\/revisions"}],"predecessor-version":[{"id":3465,"href":"https:\/\/www.finomar.com.pl\/index.php?rest_route=\/wp\/v2\/pages\/3463\/revisions\/3465"}],"up":[{"embeddable":true,"href":"https:\/\/www.finomar.com.pl\/index.php?rest_route=\/wp\/v2\/pages\/2858"}],"wp:attachment":[{"href":"https:\/\/www.finomar.com.pl\/index.php?rest_route=%2Fwp%2Fv2%2Fmedia&parent=3463"}],"curies":[{"name":"wp","href":"https:\/\/api.w.org\/{rel}","templated":true}]}}